{"id":17,"date":"2014-10-23T15:41:23","date_gmt":"2014-10-23T14:41:23","guid":{"rendered":"http:\/\/www.fermedorlou.be\/wp\/?page_id=17"},"modified":"2014-10-23T15:41:23","modified_gmt":"2014-10-23T14:41:23","slug":"engagements","status":"publish","type":"page","link":"http:\/\/www.fermedorlou.be\/wp\/?page_id=17","title":{"rendered":"Engagements"},"content":{"rendered":"<div class=\"content\">\n<p>Nous nous sommes engag\u00e9s \u00e0 nourir nos animaux, conform\u00e9ment au <a href=\"http:\/\/www.fermedorlou.be\/v4\/files\/cahier-de-charges-bio.pdf\" target=\"_blank\">cahier des charges<\/a> , \u00e0 base d&rsquo;aliments provenant de culture sans engrais chimiques, sans pesticides de synth\u00e8se, sans d\u00e9sherbants chimiques, sur des terres fertilis\u00e9es auxengrais organiques.Nous nous sommes engag\u00e9s \u00e0 soigner nos animaux prioritairement par hom\u00e9opathie, phytoth\u00e9rapie, aromath\u00e9rapie.La ferme a une superficie de 40 ha: 1\/3 prairies permanentes, 1\/3 prairies temporaires et 1\/3 c\u00e9r\u00e9ales, pommes terre, verger.<\/p>\n<p>Elevage:<\/p>\n<p>bovins: 20 vaches laiti\u00e8res, 6 g\u00e9nisses d&rsquo;\u00e9l\u00e9vage (race normande),\u00a010 vaches allaitantes, veaux, taureaux<\/p>\n<ul>\n<li>truies et cochons \u00e0 l&rsquo;engraissement (+-40)<\/li>\n<li>brebis, agneaux et le b\u00e9lier<\/li>\n<li>poulets de chair , pintades, canards<\/li>\n<li>poules pondeuses<\/li>\n<li>lapins<\/li>\n<\/ul>\n<p>Alimentation de b\u00e9tail:<\/p>\n<p>c\u00e9r\u00e9ales fourrag\u00e8res moulues de la ferme<\/p>\n<ul>\n<li>prairies permanentes et temporaires. Foins et herbes pr\u00e9fan\u00e9es de l\u00e9gumieuses et gramin\u00e9es.<\/li>\n<li>compl\u00e9ments achet\u00e9 \u00e0 un fabricants d&rsquo;aliments sous contr\u00f4le bio.<\/li>\n<\/ul>\n<p>Cultures:<\/p>\n<ul>\n<li>c\u00e9r\u00e9ales, pommes de terre<\/li>\n<li>verger d&rsquo;anciennes vari\u00e9t\u00e9s de fruits.<\/li>\n<\/ul>\n<\/div>\n","protected":false},"excerpt":{"rendered":"<p>Nous nous sommes engag\u00e9s \u00e0 nourir nos animaux, conform\u00e9ment au cahier des charges , \u00e0 base d&rsquo;aliments provenant de culture sans engrais chimiques, sans pesticides de synth\u00e8se, sans d\u00e9sherbants chimiques, sur des terres fertilis\u00e9es auxengrais organiques.Nous nous sommes engag\u00e9s \u00e0 soigner nos animaux prioritairement par hom\u00e9opathie, phytoth\u00e9rapie, aromath\u00e9rapie.La ferme a une superficie de 40 ha: &hellip; <a href=\"http:\/\/www.fermedorlou.be\/wp\/?page_id=17\" class=\"more-link\">Continuer la lecture de <span class=\"screen-reader-text\">Engagements<\/span> <span class=\"meta-nav\">&rarr;<\/span><\/a><\/p>\n","protected":false},"author":1,"featured_media":0,"parent":0,"menu_order":0,"comment_status":"closed","ping_status":"closed","template":"","meta":{"footnotes":""},"class_list":["post-17","page","type-page","status-publish","hentry"],"_links":{"self":[{"href":"http:\/\/www.fermedorlou.be\/wp\/index.php?rest_route=\/wp\/v2\/pages\/17","targetHints":{"allow":["GET"]}}],"collection":[{"href":"http:\/\/www.fermedorlou.be\/wp\/index.php?rest_route=\/wp\/v2\/pages"}],"about":[{"href":"http:\/\/www.fermedorlou.be\/wp\/index.php?rest_route=\/wp\/v2\/types\/page"}],"author":[{"embeddable":true,"href":"http:\/\/www.fermedorlou.be\/wp\/index.php?rest_route=\/wp\/v2\/users\/1"}],"replies":[{"embeddable":true,"href":"http:\/\/www.fermedorlou.be\/wp\/index.php?rest_route=%2Fwp%2Fv2%2Fcomments&post=17"}],"version-history":[{"count":1,"href":"http:\/\/www.fermedorlou.be\/wp\/index.php?rest_route=\/wp\/v2\/pages\/17\/revisions"}],"predecessor-version":[{"id":18,"href":"http:\/\/www.fermedorlou.be\/wp\/index.php?rest_route=\/wp\/v2\/pages\/17\/revisions\/18"}],"wp:attachment":[{"href":"http:\/\/www.fermedorlou.be\/wp\/index.php?rest_route=%2Fwp%2Fv2%2Fmedia&parent=17"}],"curies":[{"name":"wp","href":"https:\/\/api.w.org\/{rel}","templated":true}]}}