{"id":32,"date":"2014-10-23T15:46:11","date_gmt":"2014-10-23T14:46:11","guid":{"rendered":"http:\/\/www.fermedorlou.be\/wp\/?page_id=32"},"modified":"2014-10-23T15:46:11","modified_gmt":"2014-10-23T14:46:11","slug":"magasins","status":"publish","type":"page","link":"http:\/\/www.fermedorlou.be\/wp\/?page_id=32","title":{"rendered":"Magasins"},"content":{"rendered":"<p>Dans les magasins, nous mettons en vente directe notre production:<\/p>\n<ul>\n<li>beurre, fromage blanc, yoghourt, lait, lait battu, cr\u00e8me, brie, fromage \u00e0 p\u00e2te dure,&#8230;<\/li>\n<li>oeufs, volailles, lapins<\/li>\n<li>pommes de terres: Agria, D\u00e9sir\u00e9e<\/li>\n<li>fruits<\/li>\n<li>l\u00e9gumes : poireau, c\u00e9leri-rave<\/li>\n<\/ul>\n<p>Vous y trouvez aussi un assortiment complet de produits biologiques:<\/p>\n<ul>\n<li>produits laitiers, cramiques, pains, tartes et farines<\/li>\n<li>boissons, vins, \u00e9picerie, l\u00e9gumes et fruits<\/li>\n<\/ul>\n","protected":false},"excerpt":{"rendered":"<p>Dans les magasins, nous mettons en vente directe notre production: beurre, fromage blanc, yoghourt, lait, lait battu, cr\u00e8me, brie, fromage \u00e0 p\u00e2te dure,&#8230; oeufs, volailles, lapins pommes de terres: Agria, D\u00e9sir\u00e9e fruits l\u00e9gumes : poireau, c\u00e9leri-rave Vous y trouvez aussi un assortiment complet de produits biologiques: produits laitiers, cramiques, pains, tartes et farines boissons, vins, &hellip; <a href=\"http:\/\/www.fermedorlou.be\/wp\/?page_id=32\" class=\"more-link\">Continuer la lecture de <span class=\"screen-reader-text\">Magasins<\/span> <span class=\"meta-nav\">&rarr;<\/span><\/a><\/p>\n","protected":false},"author":1,"featured_media":0,"parent":0,"menu_order":0,"comment_status":"closed","ping_status":"closed","template":"","meta":{"footnotes":""},"class_list":["post-32","page","type-page","status-publish","hentry"],"_links":{"self":[{"href":"http:\/\/www.fermedorlou.be\/wp\/index.php?rest_route=\/wp\/v2\/pages\/32","targetHints":{"allow":["GET"]}}],"collection":[{"href":"http:\/\/www.fermedorlou.be\/wp\/index.php?rest_route=\/wp\/v2\/pages"}],"about":[{"href":"http:\/\/www.fermedorlou.be\/wp\/index.php?rest_route=\/wp\/v2\/types\/page"}],"author":[{"embeddable":true,"href":"http:\/\/www.fermedorlou.be\/wp\/index.php?rest_route=\/wp\/v2\/users\/1"}],"replies":[{"embeddable":true,"href":"http:\/\/www.fermedorlou.be\/wp\/index.php?rest_route=%2Fwp%2Fv2%2Fcomments&post=32"}],"version-history":[{"count":1,"href":"http:\/\/www.fermedorlou.be\/wp\/index.php?rest_route=\/wp\/v2\/pages\/32\/revisions"}],"predecessor-version":[{"id":33,"href":"http:\/\/www.fermedorlou.be\/wp\/index.php?rest_route=\/wp\/v2\/pages\/32\/revisions\/33"}],"wp:attachment":[{"href":"http:\/\/www.fermedorlou.be\/wp\/index.php?rest_route=%2Fwp%2Fv2%2Fmedia&parent=32"}],"curies":[{"name":"wp","href":"https:\/\/api.w.org\/{rel}","templated":true}]}}