{"id":366,"date":"2019-02-09T07:50:18","date_gmt":"2019-02-09T06:50:18","guid":{"rendered":"http:\/\/www.fermedorlou.be\/wp\/?page_id=366"},"modified":"2026-03-07T11:58:29","modified_gmt":"2026-03-07T10:58:29","slug":"boucherie-2","status":"publish","type":"page","link":"http:\/\/www.fermedorlou.be\/wp\/?page_id=366","title":{"rendered":"Boucherie"},"content":{"rendered":"<p style=\"text-align: center;\"><strong>Boucherie &#8211; Charcuterie :<\/strong><\/p>\n<p>&#8211; Viande au d\u00e9tail ou par colis : boeuf, porc, volailles en saison (poulets, canards, pintadeaux), agneau.<br \/>\n&#8211; Dates d&rsquo;ouverture : chaque semaine. Le porc est disponible \u00e0 partir du mercredi, porc et b\u0153uf \u00e0 partir du jeudi. La derni\u00e8re semaine du mois, nous vous proposons aussi du mouton.<br \/>\n&#8211; La viande est disponible les autres jours de la semaine, mais d\u00e9j\u00e0 sous vide et en moindres quantit\u00e9s.<br \/>\n&#8211; Vous pouvez r\u00e9server en envoyant un courriel minimum deux jours avant le vendredi concern\u00e9 sur <a href=\"mailto:wodecq@fermedorlou.be\">wodecq@fermedorlou.be<\/a>.<\/p>\n<p style=\"text-align: left;\" align=\"CENTER\"><span style=\"font-family: Comic Sans MS, cursive;\"><span style=\"font-size: large;\"><a href=\"http:\/\/www.fermedorlou.be\/wp\/wp-content\/uploads\/2026\/03\/2026_Liste-produits-prix-Magasin-site-Bioman-Hennuyeres-Virginal.pdf\">Bon de commande produits fermiers<\/a><br \/>\n<\/span><\/span><\/p>\n<p><a href=\"http:\/\/www.fermedorlou.be\/wp\/wp-content\/uploads\/2014\/11\/bouch-wo.jpg\"><img loading=\"lazy\" decoding=\"async\" class=\"alignnone size-medium wp-image-101\" src=\"http:\/\/www.fermedorlou.be\/wp\/wp-content\/uploads\/2014\/11\/bouch-wo-300x213.jpg\" alt=\"bouch wo\" width=\"300\" height=\"213\" srcset=\"http:\/\/www.fermedorlou.be\/wp\/wp-content\/uploads\/2014\/11\/bouch-wo-300x213.jpg 300w, http:\/\/www.fermedorlou.be\/wp\/wp-content\/uploads\/2014\/11\/bouch-wo-1024x727.jpg 1024w, http:\/\/www.fermedorlou.be\/wp\/wp-content\/uploads\/2014\/11\/bouch-wo-600x426.jpg 600w, http:\/\/www.fermedorlou.be\/wp\/wp-content\/uploads\/2014\/11\/bouch-wo.jpg 1691w\" sizes=\"auto, (max-width: 300px) 100vw, 300px\" \/><\/a><\/p>\n","protected":false},"excerpt":{"rendered":"<p>Boucherie &#8211; Charcuterie : &#8211; Viande au d\u00e9tail ou par colis : boeuf, porc, volailles en saison (poulets, canards, pintadeaux), agneau. &#8211; Dates d&rsquo;ouverture : chaque semaine. Le porc est disponible \u00e0 partir du mercredi, porc et b\u0153uf \u00e0 partir du jeudi. La derni\u00e8re semaine du mois, nous vous proposons aussi du mouton. &#8211; La &hellip; <a href=\"http:\/\/www.fermedorlou.be\/wp\/?page_id=366\" class=\"more-link\">Continuer la lecture de <span class=\"screen-reader-text\">Boucherie<\/span> <span class=\"meta-nav\">&rarr;<\/span><\/a><\/p>\n","protected":false},"author":74125,"featured_media":0,"parent":32,"menu_order":2,"comment_status":"closed","ping_status":"closed","template":"","meta":{"footnotes":""},"class_list":["post-366","page","type-page","status-publish","hentry"],"_links":{"self":[{"href":"http:\/\/www.fermedorlou.be\/wp\/index.php?rest_route=\/wp\/v2\/pages\/366","targetHints":{"allow":["GET"]}}],"collection":[{"href":"http:\/\/www.fermedorlou.be\/wp\/index.php?rest_route=\/wp\/v2\/pages"}],"about":[{"href":"http:\/\/www.fermedorlou.be\/wp\/index.php?rest_route=\/wp\/v2\/types\/page"}],"author":[{"embeddable":true,"href":"http:\/\/www.fermedorlou.be\/wp\/index.php?rest_route=\/wp\/v2\/users\/74125"}],"replies":[{"embeddable":true,"href":"http:\/\/www.fermedorlou.be\/wp\/index.php?rest_route=%2Fwp%2Fv2%2Fcomments&post=366"}],"version-history":[{"count":26,"href":"http:\/\/www.fermedorlou.be\/wp\/index.php?rest_route=\/wp\/v2\/pages\/366\/revisions"}],"predecessor-version":[{"id":683,"href":"http:\/\/www.fermedorlou.be\/wp\/index.php?rest_route=\/wp\/v2\/pages\/366\/revisions\/683"}],"up":[{"embeddable":true,"href":"http:\/\/www.fermedorlou.be\/wp\/index.php?rest_route=\/wp\/v2\/pages\/32"}],"wp:attachment":[{"href":"http:\/\/www.fermedorlou.be\/wp\/index.php?rest_route=%2Fwp%2Fv2%2Fmedia&parent=366"}],"curies":[{"name":"wp","href":"https:\/\/api.w.org\/{rel}","templated":true}]}}