{"id":63,"date":"2014-11-14T14:44:46","date_gmt":"2014-11-14T13:44:46","guid":{"rendered":"http:\/\/www.fermedorlou.be\/wp\/?page_id=63"},"modified":"2026-04-03T08:16:25","modified_gmt":"2026-04-03T07:16:25","slug":"tourisme","status":"publish","type":"page","link":"http:\/\/www.fermedorlou.be\/wp\/?page_id=63","title":{"rendered":"Camping | Tourisme"},"content":{"rendered":"<p><strong>La ferme D\u00f4rlo\u00fb vous invite \u00e0 d\u00e9couvir ses possibilit\u00e9s de s\u00e9jour \u00e0 la ferme.<br \/>\n<\/strong>Nous sommes situ\u00e9s dans le Pays des Collines, \u00e0 proximit\u00e9s des Ardennes Flamandes.<br \/>\nVous trouverez chez nous un cadre champ\u00eatre respirant le calme et l&rsquo;opportunit\u00e9 de belles promenades \u00e0 pied ou en v\u00e9lo.<br \/>\nBoulangerie, boucherie et magasin de produits bio disponibles sur place.<\/p>\n<p><strong>Le Camping<br \/>\n<\/strong>Camping avec bloc sanitaire \u00e0 l&rsquo;int\u00e9rieur des b\u00e2timents de la ferme ( deux douches, eau chaude, 2 WC s\u00e9par\u00e9s).<\/p>\n<ul>\n<li>une vingtaine d&#8217;emplacements, dont 8 avec \u00e9lectricit\u00e9<\/li>\n<li>branchement \u00e9lectrique pour caravanes et mobilhomes<\/li>\n<li>accueil en n\u00e9erlandais<\/li>\n<li>ouvert 24h\/24h (libre)<\/li>\n<\/ul>\n<p><strong>Tarif 2025, par nuit :<em><br \/>\n<\/em><\/strong>Tente : 7\u20ac<br \/>\nCaravane\/mobilhome &#8211; de 6m : 10\u20ac \/ + de 6m : 12\u20ac\u00a0 <strong><em><br \/>\n<\/em><\/strong>+ 5\u20ac\/adulte &#8211; 2,5\u20ac\/enfant (- 12 ans)<br \/>\n+ \u00e9lectricit\u00e9 4\u20ac<strong><em><br \/>\n<\/em><\/strong><\/p>\n<p>P\u00e9riode d&rsquo;ouverture : 15 mars -&gt; 15 octobre<br \/>\nContact: Freddy: +32 (0)68 44 83 06 ou wodecq(a)fermedorlou.be<\/p>\n<p><a href=\"http:\/\/www.fermedorlou.be\/wp\/wp-content\/uploads\/2014\/11\/logoachc.jpg\" target=\"_blank\" rel=\"http:\/\/www.accueilchampetre.be noopener noreferrer\"><img loading=\"lazy\" decoding=\"async\" class=\"alignnone wp-image-154 size-full\" src=\"http:\/\/www.fermedorlou.be\/wp\/wp-content\/uploads\/2014\/11\/logoachc.jpg\" alt=\"logoachc\" width=\"154\" height=\"77\" \/><\/a><a href=\"http:\/\/www.fermedorlou.be\/wp\/wp-content\/uploads\/2014\/11\/31-148-DSC00274.jpg\"><img loading=\"lazy\" decoding=\"async\" class=\"size-large wp-image-173\" src=\"http:\/\/www.fermedorlou.be\/wp\/wp-content\/uploads\/2014\/11\/31-148-DSC00274-1024x683.jpg\" alt=\"Camping\" width=\"604\" height=\"403\" srcset=\"http:\/\/www.fermedorlou.be\/wp\/wp-content\/uploads\/2014\/11\/31-148-DSC00274.jpg 1024w, http:\/\/www.fermedorlou.be\/wp\/wp-content\/uploads\/2014\/11\/31-148-DSC00274-300x200.jpg 300w, http:\/\/www.fermedorlou.be\/wp\/wp-content\/uploads\/2014\/11\/31-148-DSC00274-600x400.jpg 600w\" sizes=\"auto, (max-width: 604px) 100vw, 604px\" \/><\/a><\/p>\n<p><strong><em><a href=\"http:\/\/www.fermedorlou.be\/wp\/wp-content\/uploads\/2014\/11\/camping.jpg\"><img loading=\"lazy\" decoding=\"async\" class=\"size-full wp-image-153\" src=\"http:\/\/www.fermedorlou.be\/wp\/wp-content\/uploads\/2014\/11\/camping.jpg\" alt=\"KONICA MINOLTA DIGITAL CAMERA\" width=\"480\" height=\"319\" srcset=\"http:\/\/www.fermedorlou.be\/wp\/wp-content\/uploads\/2014\/11\/camping.jpg 480w, http:\/\/www.fermedorlou.be\/wp\/wp-content\/uploads\/2014\/11\/camping-300x199.jpg 300w\" sizes=\"auto, (max-width: 480px) 100vw, 480px\" \/><\/a><\/em><\/strong><\/p>\n<p>Informations touristiques de la r\u00e9gion:<\/p>\n<ul>\n<li><a title=\"www.ath.be\" href=\"http:\/\/www.ath.be\" target=\"_blank\" rel=\"noopener noreferrer\">www.ath.be<\/a><\/li>\n<li><a title=\"www.tournai.be\" href=\"http:\/\/www.tournai.be\" target=\"_blank\" rel=\"noopener noreferrer\">www.tournai.be<\/a><\/li>\n<li><a title=\"www.flobecq.be\" href=\"http:\/\/www.flobecq.be\" target=\"_blank\" rel=\"noopener noreferrer\">www.flobecq.be<\/a><\/li>\n<li><a title=\"www.ellezelles.be\" href=\"http:\/\/www.ellezelles.be\" target=\"_blank\" rel=\"noopener noreferrer\">www.ellezelles.be<\/a><\/li>\n<li><a title=\"www.frasnes-lez-anvaing.be\" href=\"http:\/\/www.frasnes-lez-anvaing.be\" target=\"_blank\" rel=\"noopener noreferrer\">www.frasnes-lez-anvaing.be<\/a><\/li>\n<li><a title=\"www.lessines.be\" href=\"http:\/\/www.lessines.be\" target=\"_blank\" rel=\"noopener noreferrer\">www.lessines.be<\/a><\/li>\n<li><a title=\"www.oudenaarde.be\" href=\"http:\/\/www.oudenaarde.be\" target=\"_blank\" rel=\"noopener noreferrer\">www.oudenaarde.be<\/a><\/li>\n<li><a title=\"www.rlva.be\" href=\"http:\/\/www.rlva.be\" target=\"_blank\" rel=\"noopener noreferrer\">www.rlva.be<\/a><\/li>\n<\/ul>\n","protected":false},"excerpt":{"rendered":"<p>La ferme D\u00f4rlo\u00fb vous invite \u00e0 d\u00e9couvir ses possibilit\u00e9s de s\u00e9jour \u00e0 la ferme. Nous sommes situ\u00e9s dans le Pays des Collines, \u00e0 proximit\u00e9s des Ardennes Flamandes. Vous trouverez chez nous un cadre champ\u00eatre respirant le calme et l&rsquo;opportunit\u00e9 de belles promenades \u00e0 pied ou en v\u00e9lo. Boulangerie, boucherie et magasin de produits bio disponibles &hellip; <a href=\"http:\/\/www.fermedorlou.be\/wp\/?page_id=63\" class=\"more-link\">Continuer la lecture de <span class=\"screen-reader-text\">Camping | Tourisme<\/span> <span class=\"meta-nav\">&rarr;<\/span><\/a><\/p>\n","protected":false},"author":74125,"featured_media":0,"parent":0,"menu_order":0,"comment_status":"closed","ping_status":"closed","template":"","meta":{"footnotes":""},"class_list":["post-63","page","type-page","status-publish","hentry"],"_links":{"self":[{"href":"http:\/\/www.fermedorlou.be\/wp\/index.php?rest_route=\/wp\/v2\/pages\/63","targetHints":{"allow":["GET"]}}],"collection":[{"href":"http:\/\/www.fermedorlou.be\/wp\/index.php?rest_route=\/wp\/v2\/pages"}],"about":[{"href":"http:\/\/www.fermedorlou.be\/wp\/index.php?rest_route=\/wp\/v2\/types\/page"}],"author":[{"embeddable":true,"href":"http:\/\/www.fermedorlou.be\/wp\/index.php?rest_route=\/wp\/v2\/users\/74125"}],"replies":[{"embeddable":true,"href":"http:\/\/www.fermedorlou.be\/wp\/index.php?rest_route=%2Fwp%2Fv2%2Fcomments&post=63"}],"version-history":[{"count":24,"href":"http:\/\/www.fermedorlou.be\/wp\/index.php?rest_route=\/wp\/v2\/pages\/63\/revisions"}],"predecessor-version":[{"id":691,"href":"http:\/\/www.fermedorlou.be\/wp\/index.php?rest_route=\/wp\/v2\/pages\/63\/revisions\/691"}],"wp:attachment":[{"href":"http:\/\/www.fermedorlou.be\/wp\/index.php?rest_route=%2Fwp%2Fv2%2Fmedia&parent=63"}],"curies":[{"name":"wp","href":"https:\/\/api.w.org\/{rel}","templated":true}]}}